{"id":1120,"date":"2024-10-17T16:21:28","date_gmt":"2024-10-17T14:21:28","guid":{"rendered":"http:\/\/192.168.32.220\/lacameratadicremona\/index.php\/front_page\/"},"modified":"2024-10-24T17:27:48","modified_gmt":"2024-10-24T15:27:48","slug":"front_page","status":"publish","type":"page","link":"https:\/\/www.studiolegalesalvalaggio.it\/","title":{"rendered":""},"content":{"rendered":"\n<pre class=\"wp-block-code has-background\" style=\"background-color:#e9e9e9\"><code><em><strong>\"L'avvocato esercita la propria attivit\u00e0 in piena libert\u00e0, autonomia ed indipendenza, per tutelare i diritti e gli interessi della persona, assicurando la conoscenza delle leggi e contribuendo in tal modo all\u2019attuazione dell\u2019ordinamento per i fini della giustizia.\"<\/strong><\/em><\/code><\/pre>\n\n\n\n<p class=\"has-text-align-left\">E\u2019 il preambolo del&nbsp;<strong>codice deontologico<\/strong>&nbsp;forense ed \u00e8 anche il principio fondamentale cui lo studio si attiene nello svolgimento della propria attivit\u00e0, avendo cura di mettere a disposizione dei propri clienti tutte le proprie competenze al fine di raggiungere, nel modo migliore, gli obiettivi degli stessi nel rispetto di tutte le norme contenute nel codice deontologico.<\/p>\n\n\n\n<p class=\"has-text-align-left\">Obiettivo dello Studio \u00e8 quello di fornire con la massima disponibilit\u00e0 e professionalit\u00e0 un\u2019assistenza qualificata e personalizzata, rispondendo celermente alle singole esigenze prospettate.<\/p>\n\n\n\n<p class=\"has-text-align-left\">Di primaria importanza, e spesso risolutiva delle controversie, \u00e8 l\u2019attivit\u00e0 di consulenza, in quanto finalizzata a evitare o limitare l\u2019insorgere di futuri contenziosi, nonch\u00e8 a prevenire il costoso e incerto ricorso al Tribunale.<\/p>\n\n\n\n<p class=\"has-text-align-left\">Lo Studio Legale Salvalaggio grazie all\u2019esperienza nonch\u00e9 all\u2019utilizzo delle pi\u00f9 moderne tecnologie, offre soluzioni pratiche ed efficienti ai propri Clienti, garantendo loro un rapporto di stretta fiducia, immediatezza delle prestazioni, chiarezza e riservatezza.<\/p>\n\n\n\n<div class=\"wp-block-columns alignwide are-vertically-aligned-top is-layout-flex wp-container-core-columns-layout-3 wp-block-columns-is-layout-flex\">\n<div class=\"wp-block-column is-vertically-aligned-top is-layout-flow wp-block-column-is-layout-flow\" style=\"flex-basis:100%\">\n<div class=\"wp-block-group alignfull has-primary-color has-text-color has-background has-link-color wp-elements-fda4d6a6ab3541ea02bdbcc03cf1530b is-content-justification-left is-nowrap is-layout-flex wp-container-core-group-layout-2 wp-block-group-is-layout-flex\" style=\"background-color:#deb887\">\n<div class=\"wp-block-columns has-background is-layout-flex wp-container-core-columns-layout-2 wp-block-columns-is-layout-flex\" id=\"presentazione\" style=\"background-color:#deb887;margin-top:0;margin-bottom:0\">\n<div class=\"wp-block-column presentazione is-layout-flow wp-block-column-is-layout-flow\" style=\"padding-top:0;padding-bottom:0\">\n<h2 class=\"wp-block-heading has-text-align-center\">PRESENTAZIONE<\/h2>\n\n\n\n<div class=\"wp-block-group alignwide has-global-padding is-layout-constrained wp-block-group-is-layout-constrained\">\n<p class=\"has-text-align-center\">Lo studio legale associato Salvalaggio \u00e8 composto da due soci,&nbsp;<strong>Avv. Anna Salvalaggio e Avv. Cesare Salvalaggio&nbsp;<\/strong>entrambi legali rappresentanti.<\/p>\n\n\n\n<p class=\"has-text-align-center\">Lo studio svolge attivit\u00e0 di consulenza e assistenza prevalentemente in ambito civilistico ed in particolare nel campo immobiliare, delle locazioni, della compra-vendita di immobili, del recupero crediti e dell\u2019infortunistica stradale; collabora con assicurazioni ed istituti di Credito (per alcuni dei quali gli incarichi vengono gestiti anche in via telematica).<br>Lo Studio opera sia in ambito locale che sul piano nazionale, forte di efficace collaborazione con colleghi distribuiti capillarmente su tutto il territorio.<br>I due soci fanno parte di \u201ca-i avvocati associati\u201d e di&nbsp;<em>\u201cconsortium forense \u201c<\/em>.<\/p>\n\n\n\n<p class=\"has-text-align-center\"><strong>L\u2019Avv. Cesare Salvalaggio<\/strong>&nbsp;si \u00e8 laureato all\u2019Universit\u00e0 di Parma ha superato l\u2019esame di abilitazione alla professione di avvocato presso la Corte d\u2019Appello di Brescia ed \u00e8 iscritto all\u2019albo avvocati di Cremona dal 1996. Dal 1996 \u00e8 presidente dell\u2019Associazione Provinciale Propriet\u00e0 Edilizia aderente alla Confedilizia.<\/p>\n\n\n\n<p class=\"has-text-align-center\"><strong>L\u2019Avv. Anna Salvalaggio<\/strong>&nbsp;si \u00e8 laureata all\u2019Universit\u00e0 di Parma, ha superato l\u2019esame di abilitazione alla professione di avvocato presso la Corte d\u2019Appello di Brescia ed \u00e8 iscritta all\u2019albo avvocati di Cremona dal 1996. Dal 2002 componente del Consiglio dell\u2019Ordine degli Avvocati di Cremona, dal 2006 con la carica di Segretario e dal 2012 al 2014 con la carica di Presidente.<\/p>\n<\/div>\n\n\n\n<div style=\"height:10px\" aria-hidden=\"true\" class=\"wp-block-spacer\"><\/div>\n\n\n\n<div class=\"wp-block-columns is-layout-flex wp-container-core-columns-layout-1 wp-block-columns-is-layout-flex\">\n<div class=\"wp-block-column is-layout-flow wp-block-column-is-layout-flow\">\n<figure class=\"wp-block-image aligncenter size-full\"><a href=\"https:\/\/www.ordineavvocaticremona.it\/\" target=\"_blank\" rel=\"noreferrer noopener\"><img loading=\"lazy\" decoding=\"async\" width=\"252\" height=\"252\" src=\"www.studiolegalesalvalaggio.itwp-content\/uploads\/2024\/10\/logo.ordine.png\" alt=\"\" class=\"wp-image-1255\" srcset=\"https:\/\/www.studiolegalesalvalaggio.it\/wp-content\/uploads\/2024\/10\/logo.ordine.png 252w, https:\/\/www.studiolegalesalvalaggio.it\/wp-content\/uploads\/2024\/10\/logo.ordine-150x150.png 150w\" sizes=\"(max-width: 252px) 100vw, 252px\" \/><\/a><\/figure>\n<\/div>\n\n\n\n<div class=\"wp-block-column is-layout-flow wp-block-column-is-layout-flow\">\n<figure class=\"wp-block-image aligncenter size-full\"><a href=\"https:\/\/www.consiglionazionaleforense.it\/\" target=\"_blank\" rel=\"noreferrer noopener\"><img loading=\"lazy\" decoding=\"async\" width=\"252\" height=\"252\" src=\"www.studiolegalesalvalaggio.itwp-content\/uploads\/2024\/10\/cnf.jpg\" alt=\"\" class=\"wp-image-1253\" srcset=\"https:\/\/www.studiolegalesalvalaggio.it\/wp-content\/uploads\/2024\/10\/cnf.jpg 252w, https:\/\/www.studiolegalesalvalaggio.it\/wp-content\/uploads\/2024\/10\/cnf-150x150.jpg 150w\" sizes=\"(max-width: 252px) 100vw, 252px\" \/><\/a><\/figure>\n<\/div>\n\n\n\n<div class=\"wp-block-column is-layout-flow wp-block-column-is-layout-flow\">\n<figure class=\"wp-block-image aligncenter size-full\"><a href=\"https:\/\/www.giustizia.it\/giustizia\/it\/homepage.page\" target=\"_blank\" rel=\"noreferrer noopener\"><img loading=\"lazy\" decoding=\"async\" width=\"252\" height=\"252\" src=\"www.studiolegalesalvalaggio.itwp-content\/uploads\/2024\/10\/logo.giustizia-.png\" alt=\"\" class=\"wp-image-1254\" srcset=\"https:\/\/www.studiolegalesalvalaggio.it\/wp-content\/uploads\/2024\/10\/logo.giustizia-.png 252w, https:\/\/www.studiolegalesalvalaggio.it\/wp-content\/uploads\/2024\/10\/logo.giustizia--150x150.png 150w\" sizes=\"(max-width: 252px) 100vw, 252px\" \/><\/a><\/figure>\n<\/div>\n<\/div>\n<\/div>\n<\/div>\n<\/div>\n<\/div>\n<\/div>\n\n\n\n<div style=\"height:30px\" aria-hidden=\"true\" class=\"wp-block-spacer\"><\/div>\n\n\n\n<h2 class=\"wp-block-heading has-text-align-center\" id=\"attivit\u00e0\">ATTIVITA\u2019<\/h2>\n\n\n\n<div class=\"wp-block-columns is-layout-flex wp-container-core-columns-layout-5 wp-block-columns-is-layout-flex\">\n<div class=\"wp-block-column is-layout-flow wp-block-column-is-layout-flow\">\n<div class=\"wp-block-columns is-layout-flex wp-container-core-columns-layout-4 wp-block-columns-is-layout-flex\">\n<div class=\"wp-block-column is-layout-flow wp-block-column-is-layout-flow\">\n<div style=\"height:50px\" aria-hidden=\"true\" class=\"wp-block-spacer\"><\/div>\n\n\n\n<figure class=\"wp-block-image aligncenter size-full is-resized\"><img loading=\"lazy\" decoding=\"async\" width=\"944\" height=\"629\" src=\"www.studiolegalesalvalaggio.itwp-content\/uploads\/2024\/10\/immagine1.jpg\" alt=\"\" class=\"wp-image-1234\" style=\"width:391px;height:auto\" srcset=\"https:\/\/www.studiolegalesalvalaggio.it\/wp-content\/uploads\/2024\/10\/immagine1.jpg 944w, https:\/\/www.studiolegalesalvalaggio.it\/wp-content\/uploads\/2024\/10\/immagine1-300x200.jpg 300w\" sizes=\"(max-width: 944px) 100vw, 944px\" \/><\/figure>\n<\/div>\n\n\n\n<div class=\"wp-block-column is-layout-flow wp-block-column-is-layout-flow\">\n<ol>\n<li>Diritto di famiglia (separazioni, divorzi, tutela incapaci ecc.)<\/li>\n\n\n\n<li>Diritto immobiliare (contratti preliminari, condominio, diritti reali, servit\u00f9)<\/li>\n\n\n\n<li>Diritto delle locazioni (redazione contratti, sfratti morosit\u00e0 e finita locazione)<\/li>\n\n\n\n<li>Diritto delle successioni (testamenti, impugnazione quota legittima, dichiarazione)<\/li>\n\n\n\n<li>Infortunistica (rca, liquidazione danni)<\/li>\n\n\n\n<li>Responsabilit\u00e0 civile (danni alla persona, liquidazione danno biologico,<\/li>\n\n\n\n<li>morale, esistenziale, responsabilit\u00e0 professionale ecc.)<\/li>\n\n\n\n<li>Recupero crediti (esecuzioni mobiliari ed immobiliari)<\/li>\n\n\n\n<li>Appalti<\/li>\n\n\n\n<li>Arbitrato<\/li>\n<\/ol>\n<\/div>\n<\/div>\n<\/div>\n<\/div>\n","protected":false},"excerpt":{"rendered":"<p>E\u2019 il preambolo del&nbsp;codice deontologico&nbsp;forense ed \u00e8 anche il principio fondamentale cui lo studio si attiene nello svolgimento della propria attivit\u00e0, avendo cura di mettere a disposizione dei propri clienti tutte le proprie competenze al fine di raggiungere, nel modo migliore, gli obiettivi degli stessi nel rispetto di tutte le norme contenute nel codice deontologico. &hellip; <\/p>\n<p class=\"link-more\"><a href=\"https:\/\/www.studiolegalesalvalaggio.it\/\" class=\"more-link\">Leggi tutto<span class=\"screen-reader-text\"> &#8220;&#8221;<\/span><\/a><\/p>\n","protected":false},"author":3,"featured_media":0,"parent":0,"menu_order":0,"comment_status":"closed","ping_status":"closed","template":"","meta":{"footnotes":""},"_links":{"self":[{"href":"https:\/\/www.studiolegalesalvalaggio.it\/index.php\/wp-json\/wp\/v2\/pages\/1120"}],"collection":[{"href":"https:\/\/www.studiolegalesalvalaggio.it\/index.php\/wp-json\/wp\/v2\/pages"}],"about":[{"href":"https:\/\/www.studiolegalesalvalaggio.it\/index.php\/wp-json\/wp\/v2\/types\/page"}],"author":[{"embeddable":true,"href":"https:\/\/www.studiolegalesalvalaggio.it\/index.php\/wp-json\/wp\/v2\/users\/3"}],"replies":[{"embeddable":true,"href":"https:\/\/www.studiolegalesalvalaggio.it\/index.php\/wp-json\/wp\/v2\/comments?post=1120"}],"version-history":[{"count":37,"href":"https:\/\/www.studiolegalesalvalaggio.it\/index.php\/wp-json\/wp\/v2\/pages\/1120\/revisions"}],"predecessor-version":[{"id":1308,"href":"https:\/\/www.studiolegalesalvalaggio.it\/index.php\/wp-json\/wp\/v2\/pages\/1120\/revisions\/1308"}],"wp:attachment":[{"href":"https:\/\/www.studiolegalesalvalaggio.it\/index.php\/wp-json\/wp\/v2\/media?parent=1120"}],"curies":[{"name":"wp","href":"https:\/\/api.w.org\/{rel}","templated":true}]}}